{"id":3124,"date":"2018-07-05T01:04:27","date_gmt":"2018-07-05T01:04:27","guid":{"rendered":"https:\/\/www.gavias-theme.com\/wp\/inusti\/?page_id=3124"},"modified":"2022-07-06T23:16:35","modified_gmt":"2022-07-06T20:16:35","slug":"services","status":"publish","type":"page","link":"https:\/\/altayteknikservis.com\/services\/","title":{"rendered":"Hizmetlerimiz"},"content":{"rendered":"\t\t<div data-elementor-type=\"wp-post\" data-elementor-id=\"3124\" class=\"elementor elementor-3124\">\n\t\t\t\t\t\t<section class=\"elementor-section elementor-top-section elementor-element elementor-element-1c672db elementor-section-boxed elementor-section-height-default elementor-section-height-default\" data-id=\"1c672db\" data-element_type=\"section\" data-e-type=\"section\" data-settings=\"{&quot;background_background&quot;:&quot;classic&quot;}\">\r\n\t\t\r\n\t\t\t\t\t\t\t<div class=\"elementor-container elementor-column-gap-default\">\r\n\t\t\t\t\t\t\t\t\t\t\t<div class=\"elementor-column elementor-col-100 elementor-top-column elementor-element elementor-element-f78da11\" data-id=\"f78da11\" data-element_type=\"column\" data-e-type=\"column\">\r\n\t\t\t\t\t<div class=\"elementor-widget-wrap\">\r\n\t\t\t\t\t\t\t\t\t<\/div>\r\n\t\t\t\t<\/div>\r\n\t\t\t\t\t<\/div>\r\n\t\t\t\t<\/section>\r\n\t\t\t\t<section class=\"elementor-section elementor-top-section elementor-element elementor-element-4f89e68 elementor-section-boxed elementor-section-height-default elementor-section-height-default\" data-id=\"4f89e68\" data-element_type=\"section\" data-e-type=\"section\">\r\n\t\t\r\n\t\t\t\t\t\t\t<div class=\"elementor-container elementor-column-gap-default\">\r\n\t\t\t\t\t\t\t\t\t\t\t<div class=\"elementor-column elementor-col-100 elementor-top-column elementor-element elementor-element-47ae47d\" data-id=\"47ae47d\" data-element_type=\"column\" data-e-type=\"column\">\r\n\t\t\t\t\t<div class=\"elementor-widget-wrap\">\r\n\t\t\t\t\t\t\t\t\t<\/div>\r\n\t\t\t\t<\/div>\r\n\t\t\t\t\t<\/div>\r\n\t\t\t\t<\/section>\r\n\t\t\t\t<\/div>\n\t\t","protected":false},"excerpt":{"rendered":"<p>ALTAY TEKN\u0130K SERV\u0130S TEKN\u0130K SERV\u0130S H\u0130ZMETLER\u0130M\u0130Z Bilgisayar Tamiri Bilgisayar Tamiri konusunda size h\u0131zl\u0131, ekonomik ve garantili teknik servis hizmeti veriyoruz. Tablet Tamiri Tablet tamiri; konusunda size h\u0131zl\u0131, ekonomik ve garantili tablet tamir hizmeti sunan bir teknik servistir Telefon Tamiri Telefon tamiri; konusunda size h\u0131zl\u0131, ekonomik ve garantili cep telefonu tamir hizmeti sunan bir teknik servistir. [&hellip;]<\/p>\n","protected":false},"author":1,"featured_media":0,"parent":0,"menu_order":0,"comment_status":"closed","ping_status":"closed","template":"","meta":{"_joinchat":[],"footnotes":""},"class_list":["post-3124","page","type-page","status-publish","hentry"],"_links":{"self":[{"href":"https:\/\/altayteknikservis.com\/wp-json\/wp\/v2\/pages\/3124","targetHints":{"allow":["GET"]}}],"collection":[{"href":"https:\/\/altayteknikservis.com\/wp-json\/wp\/v2\/pages"}],"about":[{"href":"https:\/\/altayteknikservis.com\/wp-json\/wp\/v2\/types\/page"}],"author":[{"embeddable":true,"href":"https:\/\/altayteknikservis.com\/wp-json\/wp\/v2\/users\/1"}],"replies":[{"embeddable":true,"href":"https:\/\/altayteknikservis.com\/wp-json\/wp\/v2\/comments?post=3124"}],"version-history":[{"count":16,"href":"https:\/\/altayteknikservis.com\/wp-json\/wp\/v2\/pages\/3124\/revisions"}],"predecessor-version":[{"id":12285,"href":"https:\/\/altayteknikservis.com\/wp-json\/wp\/v2\/pages\/3124\/revisions\/12285"}],"wp:attachment":[{"href":"https:\/\/altayteknikservis.com\/wp-json\/wp\/v2\/media?parent=3124"}],"curies":[{"name":"wp","href":"https:\/\/api.w.org\/{rel}","templated":true}]}}