{"id":11870,"date":"2021-05-12T04:36:37","date_gmt":"2021-05-12T01:36:37","guid":{"rendered":"https:\/\/www.gavias-theme.com\/wp\/inusti\/?page_id=11870"},"modified":"2022-07-07T13:55:13","modified_gmt":"2022-07-07T10:55:13","slug":"bilgisayar-alim-satim","status":"publish","type":"page","link":"https:\/\/altayteknikservis.com\/services\/bilgisayar-alim-satim\/","title":{"rendered":"Bilgisayar Al\u0131m Sat\u0131m"},"content":{"rendered":"\t\t<div data-elementor-type=\"wp-page\" data-elementor-id=\"11870\" class=\"elementor elementor-11870\">\n\t\t\t\t\t\t<section class=\"elementor-section elementor-top-section elementor-element elementor-element-625d6f39 elementor-section-boxed elementor-section-height-default elementor-section-height-default\" data-id=\"625d6f39\" data-element_type=\"section\" data-e-type=\"section\">\r\n\t\t\r\n\t\t\t\t\t\t\t<div class=\"elementor-container elementor-column-gap-default\">\r\n\t\t\t\t\t\t\t\t\t\t\t<div class=\"elementor-column elementor-col-33 elementor-top-column elementor-element elementor-element-42f63a88\" data-id=\"42f63a88\" data-element_type=\"column\" data-e-type=\"column\">\r\n\t\t\t\t\t<div class=\"elementor-widget-wrap elementor-element-populated\">\r\n\t\t\t\t\t\t\t\t<div class=\"elementor-element elementor-element-2af07cb4 elementor-widget elementor-widget-image\" data-id=\"2af07cb4\" data-element_type=\"widget\" data-e-type=\"widget\" data-widget_type=\"image.default\">\n\t\t\t\t<div class=\"elementor-widget-container\">\n\t\t\t\t\t\t\t\t\t\t\t\t\t\t\t<img fetchpriority=\"high\" decoding=\"async\" width=\"800\" height=\"752\" src=\"https:\/\/altayteknikservis.com\/wp-content\/uploads\/2022\/06\/Teknik-Servis.jpg\" class=\"attachment-full size-full wp-image-12110\" alt=\"\" srcset=\"https:\/\/altayteknikservis.com\/wp-content\/uploads\/2022\/06\/Teknik-Servis.jpg 800w, https:\/\/altayteknikservis.com\/wp-content\/uploads\/2022\/06\/Teknik-Servis-600x564.jpg 600w, https:\/\/altayteknikservis.com\/wp-content\/uploads\/2022\/06\/Teknik-Servis-768x722.jpg 768w\" sizes=\"(max-width: 800px) 100vw, 800px\" \/>\t\t\t\t\t\t\t\t\t\t\t\t\t\t\t<\/div>\n\t\t\t\t<\/div>\n\t\t\t\t<div class=\"elementor-element elementor-element-2be1166c elementor-view-stacked elementor-shape-circle elementor-widget elementor-widget-icon\" data-id=\"2be1166c\" data-element_type=\"widget\" data-e-type=\"widget\" data-widget_type=\"icon.default\">\n\t\t\t\t<div class=\"elementor-widget-container\">\n\t\t\t\t\t\t\t<div class=\"elementor-icon-wrapper\">\n\t\t\t<div class=\"elementor-icon\">\n\t\t\t<i aria-hidden=\"true\" class=\"fi flaticon-phone-call\"><\/i>\t\t\t<\/div>\n\t\t<\/div>\n\t\t\t\t\t\t<\/div>\n\t\t\t\t<\/div>\n\t\t\t\t<div class=\"elementor-element elementor-element-3264d03 elementor-view-stacked elementor-shape-circle elementor-widget elementor-widget-icon\" data-id=\"3264d03\" data-element_type=\"widget\" data-e-type=\"widget\" data-widget_type=\"icon.default\">\n\t\t\t\t<div class=\"elementor-widget-container\">\n\t\t\t\t\t\t\t<div class=\"elementor-icon-wrapper\">\n\t\t\t<div class=\"elementor-icon\">\n\t\t\t<i aria-hidden=\"true\" class=\"fi flaticon-phone-call\"><\/i>\t\t\t<\/div>\n\t\t<\/div>\n\t\t\t\t\t\t<\/div>\n\t\t\t\t<\/div>\n\t\t\t\t\t<\/div>\r\n\t\t\t\t<\/div>\r\n\t\t\t\t<div class=\"elementor-column elementor-col-66 elementor-top-column elementor-element elementor-element-4d168996\" data-id=\"4d168996\" data-element_type=\"column\" data-e-type=\"column\">\r\n\t\t\t\t\t<div class=\"elementor-widget-wrap elementor-element-populated\">\r\n\t\t\t\t\t\t\t\t<section class=\"elementor-section elementor-inner-section elementor-element elementor-element-5f595c84 elementor-section-boxed elementor-section-height-default elementor-section-height-default\" data-id=\"5f595c84\" data-element_type=\"section\" data-e-type=\"section\">\r\n\t\t\r\n\t\t\t\t\t\t\t<div class=\"elementor-container elementor-column-gap-default\">\r\n\t\t\t\t\t\t\t\t\t\t\t<div class=\"elementor-column elementor-col-100 elementor-inner-column elementor-element elementor-element-6d876f6d\" data-id=\"6d876f6d\" data-element_type=\"column\" data-e-type=\"column\">\r\n\t\t\t\t\t<div class=\"elementor-widget-wrap elementor-element-populated\">\r\n\t\t\t\t\t\t\t\t<div class=\"elementor-element elementor-element-2c45ac66 elementor-widget elementor-widget-image\" data-id=\"2c45ac66\" data-element_type=\"widget\" data-e-type=\"widget\" data-widget_type=\"image.default\">\n\t\t\t\t<div class=\"elementor-widget-container\">\n\t\t\t\t\t\t\t\t\t\t\t\t\t\t\t<img decoding=\"async\" width=\"770\" height=\"513\" src=\"https:\/\/altayteknikservis.com\/wp-content\/uploads\/2022\/06\/Bilgisayar-Alis-Satis.jpg\" class=\"attachment-full size-full wp-image-12130\" alt=\"\" srcset=\"https:\/\/altayteknikservis.com\/wp-content\/uploads\/2022\/06\/Bilgisayar-Alis-Satis.jpg 770w, https:\/\/altayteknikservis.com\/wp-content\/uploads\/2022\/06\/Bilgisayar-Alis-Satis-600x400.jpg 600w, https:\/\/altayteknikservis.com\/wp-content\/uploads\/2022\/06\/Bilgisayar-Alis-Satis-768x512.jpg 768w\" sizes=\"(max-width: 770px) 100vw, 770px\" \/>\t\t\t\t\t\t\t\t\t\t\t\t\t\t\t<\/div>\n\t\t\t\t<\/div>\n\t\t\t\t<div class=\"elementor-element elementor-element-fbb9f8f elementor-view-stacked elementor-shape-square elementor-widget__width-auto elementor-absolute elementor-widget elementor-widget-icon\" data-id=\"fbb9f8f\" data-element_type=\"widget\" data-e-type=\"widget\" data-settings=\"{&quot;_position&quot;:&quot;absolute&quot;}\" data-widget_type=\"icon.default\">\n\t\t\t\t<div class=\"elementor-widget-container\">\n\t\t\t\t\t\t\t<div class=\"elementor-icon-wrapper\">\n\t\t\t<div class=\"elementor-icon elementor-animation-float\">\n\t\t\t<i aria-hidden=\"true\" class=\"fas fa-shopping-cart\"><\/i>\t\t\t<\/div>\n\t\t<\/div>\n\t\t\t\t\t\t<\/div>\n\t\t\t\t<\/div>\n\t\t\t\t\t<\/div>\r\n\t\t\t\t<\/div>\r\n\t\t\t\t\t<\/div>\r\n\t\t\t\t<\/section>\r\n\t\t\t\t<div class=\"elementor-element elementor-element-2b31dcc elementor-widget elementor-widget-heading\" data-id=\"2b31dcc\" data-element_type=\"widget\" data-e-type=\"widget\" data-widget_type=\"heading.default\">\n\t\t\t\t<div class=\"elementor-widget-container\">\n\t\t\t\t\t<h2 class=\"elementor-heading-title elementor-size-default\">Bilgisayar Al\u0131\u015f Sat\u0131\u015f<\/h2>\t\t\t\t<\/div>\n\t\t\t\t<\/div>\n\t\t\t\t<div class=\"elementor-element elementor-element-4737484c elementor-widget elementor-widget-text-editor\" data-id=\"4737484c\" data-element_type=\"widget\" data-e-type=\"widget\" data-widget_type=\"text-editor.default\">\n\t\t\t\t<div class=\"elementor-widget-container\">\n\t\t\t\t\t\t\t\t\t<p>\u0130kinci El Bilgisayarlar\u0131n\u0131z\u0131 De\u011ferinde al\u0131yoruz.\u00a0<\/p>\t\t\t\t\t\t\t\t<\/div>\n\t\t\t\t<\/div>\n\t\t\t\t\t<\/div>\r\n\t\t\t\t<\/div>\r\n\t\t\t\t\t<\/div>\r\n\t\t\t\t<\/section>\r\n\t\t\t\t<\/div>\n\t\t","protected":false},"excerpt":{"rendered":"<p>Profesyonel Servis Hizmeti 0538 720 93 97 Bilgisayar Al\u0131\u015f Sat\u0131\u015f \u0130kinci El Bilgisayarlar\u0131n\u0131z\u0131 De\u011ferinde al\u0131yoruz.\u00a0<\/p>\n","protected":false},"author":1,"featured_media":0,"parent":3124,"menu_order":0,"comment_status":"closed","ping_status":"closed","template":"","meta":{"_joinchat":[],"footnotes":""},"class_list":["post-11870","page","type-page","status-publish","hentry"],"_links":{"self":[{"href":"https:\/\/altayteknikservis.com\/wp-json\/wp\/v2\/pages\/11870","targetHints":{"allow":["GET"]}}],"collection":[{"href":"https:\/\/altayteknikservis.com\/wp-json\/wp\/v2\/pages"}],"about":[{"href":"https:\/\/altayteknikservis.com\/wp-json\/wp\/v2\/types\/page"}],"author":[{"embeddable":true,"href":"https:\/\/altayteknikservis.com\/wp-json\/wp\/v2\/users\/1"}],"replies":[{"embeddable":true,"href":"https:\/\/altayteknikservis.com\/wp-json\/wp\/v2\/comments?post=11870"}],"version-history":[{"count":19,"href":"https:\/\/altayteknikservis.com\/wp-json\/wp\/v2\/pages\/11870\/revisions"}],"predecessor-version":[{"id":12408,"href":"https:\/\/altayteknikservis.com\/wp-json\/wp\/v2\/pages\/11870\/revisions\/12408"}],"up":[{"embeddable":true,"href":"https:\/\/altayteknikservis.com\/wp-json\/wp\/v2\/pages\/3124"}],"wp:attachment":[{"href":"https:\/\/altayteknikservis.com\/wp-json\/wp\/v2\/media?parent=11870"}],"curies":[{"name":"wp","href":"https:\/\/api.w.org\/{rel}","templated":true}]}}