{"id":11868,"date":"2021-05-12T04:34:37","date_gmt":"2021-05-12T01:34:37","guid":{"rendered":"https:\/\/www.gavias-theme.com\/wp\/inusti\/?page_id=11868"},"modified":"2022-07-07T01:56:03","modified_gmt":"2022-07-06T22:56:03","slug":"yedek-parca","status":"publish","type":"page","link":"https:\/\/altayteknikservis.com\/services\/yedek-parca\/","title":{"rendered":"Yedek Par\u00e7a"},"content":{"rendered":"\t\t<div data-elementor-type=\"wp-page\" data-elementor-id=\"11868\" class=\"elementor elementor-11868\">\n\t\t\t\t\t\t<section class=\"elementor-section elementor-top-section elementor-element elementor-element-2dc28eeb elementor-section-boxed elementor-section-height-default elementor-section-height-default\" data-id=\"2dc28eeb\" data-element_type=\"section\" data-e-type=\"section\">\r\n\t\t\r\n\t\t\t\t\t\t\t<div class=\"elementor-container elementor-column-gap-default\">\r\n\t\t\t\t\t\t\t\t\t\t\t<div class=\"elementor-column elementor-col-33 elementor-top-column elementor-element elementor-element-401277f1\" data-id=\"401277f1\" data-element_type=\"column\" data-e-type=\"column\">\r\n\t\t\t\t\t<div class=\"elementor-widget-wrap elementor-element-populated\">\r\n\t\t\t\t\t\t\t\t<div class=\"elementor-element elementor-element-b05bd9e elementor-widget elementor-widget-image\" data-id=\"b05bd9e\" data-element_type=\"widget\" data-e-type=\"widget\" data-widget_type=\"image.default\">\n\t\t\t\t<div class=\"elementor-widget-container\">\n\t\t\t\t\t\t\t\t\t\t\t\t\t\t\t<img fetchpriority=\"high\" decoding=\"async\" width=\"527\" height=\"570\" src=\"https:\/\/altayteknikservis.com\/wp-content\/uploads\/2022\/06\/hakkimizda1.jpg\" class=\"attachment-full size-full wp-image-12221\" alt=\"\" \/>\t\t\t\t\t\t\t\t\t\t\t\t\t\t\t<\/div>\n\t\t\t\t<\/div>\n\t\t\t\t<div class=\"elementor-element elementor-element-3cd0a080 elementor-view-stacked elementor-shape-circle elementor-widget elementor-widget-icon\" data-id=\"3cd0a080\" data-element_type=\"widget\" data-e-type=\"widget\" data-widget_type=\"icon.default\">\n\t\t\t\t<div class=\"elementor-widget-container\">\n\t\t\t\t\t\t\t<div class=\"elementor-icon-wrapper\">\n\t\t\t<div class=\"elementor-icon\">\n\t\t\t<i aria-hidden=\"true\" class=\"fi flaticon-phone-call\"><\/i>\t\t\t<\/div>\n\t\t<\/div>\n\t\t\t\t\t\t<\/div>\n\t\t\t\t<\/div>\n\t\t\t\t\t<\/div>\r\n\t\t\t\t<\/div>\r\n\t\t\t\t<div class=\"elementor-column elementor-col-66 elementor-top-column elementor-element elementor-element-6cb1d559\" data-id=\"6cb1d559\" data-element_type=\"column\" data-e-type=\"column\">\r\n\t\t\t\t\t<div class=\"elementor-widget-wrap elementor-element-populated\">\r\n\t\t\t\t\t\t\t\t<section class=\"elementor-section elementor-inner-section elementor-element elementor-element-669382d elementor-section-boxed elementor-section-height-default elementor-section-height-default\" data-id=\"669382d\" data-element_type=\"section\" data-e-type=\"section\">\r\n\t\t\r\n\t\t\t\t\t\t\t<div class=\"elementor-container elementor-column-gap-default\">\r\n\t\t\t\t\t\t\t\t\t\t\t<div class=\"elementor-column elementor-col-100 elementor-inner-column elementor-element elementor-element-43f3d19b\" data-id=\"43f3d19b\" data-element_type=\"column\" data-e-type=\"column\">\r\n\t\t\t\t\t<div class=\"elementor-widget-wrap elementor-element-populated\">\r\n\t\t\t\t\t\t\t\t<div class=\"elementor-element elementor-element-739a314f elementor-widget elementor-widget-image\" data-id=\"739a314f\" data-element_type=\"widget\" data-e-type=\"widget\" data-widget_type=\"image.default\">\n\t\t\t\t<div class=\"elementor-widget-container\">\n\t\t\t\t\t\t\t\t\t\t\t\t\t\t\t<img decoding=\"async\" width=\"770\" height=\"513\" src=\"https:\/\/altayteknikservis.com\/wp-content\/uploads\/2022\/07\/hizmetler-yedek-parca.jpg\" class=\"attachment-full size-full wp-image-12358\" alt=\"\" srcset=\"https:\/\/altayteknikservis.com\/wp-content\/uploads\/2022\/07\/hizmetler-yedek-parca.jpg 770w, https:\/\/altayteknikservis.com\/wp-content\/uploads\/2022\/07\/hizmetler-yedek-parca-600x400.jpg 600w\" sizes=\"(max-width: 770px) 100vw, 770px\" \/>\t\t\t\t\t\t\t\t\t\t\t\t\t\t\t<\/div>\n\t\t\t\t<\/div>\n\t\t\t\t<div class=\"elementor-element elementor-element-55bc6583 elementor-view-stacked elementor-shape-square elementor-widget__width-auto elementor-absolute elementor-widget elementor-widget-icon\" data-id=\"55bc6583\" data-element_type=\"widget\" data-e-type=\"widget\" data-settings=\"{&quot;_position&quot;:&quot;absolute&quot;}\" data-widget_type=\"icon.default\">\n\t\t\t\t<div class=\"elementor-widget-container\">\n\t\t\t\t\t\t\t<div class=\"elementor-icon-wrapper\">\n\t\t\t<div class=\"elementor-icon elementor-animation-float\">\n\t\t\t<i aria-hidden=\"true\" class=\"fas fa-microchip\"><\/i>\t\t\t<\/div>\n\t\t<\/div>\n\t\t\t\t\t\t<\/div>\n\t\t\t\t<\/div>\n\t\t\t\t\t<\/div>\r\n\t\t\t\t<\/div>\r\n\t\t\t\t\t<\/div>\r\n\t\t\t\t<\/section>\r\n\t\t\t\t<div class=\"elementor-element elementor-element-7745b7cc elementor-widget elementor-widget-heading\" data-id=\"7745b7cc\" data-element_type=\"widget\" data-e-type=\"widget\" data-widget_type=\"heading.default\">\n\t\t\t\t<div class=\"elementor-widget-container\">\n\t\t\t\t\t<h2 class=\"elementor-heading-title elementor-size-default\">Bilgisayar Yedek Par\u00e7a<\/h2>\t\t\t\t<\/div>\n\t\t\t\t<\/div>\n\t\t\t\t<div class=\"elementor-element elementor-element-3e2f870a elementor-widget elementor-widget-text-editor\" data-id=\"3e2f870a\" data-element_type=\"widget\" data-e-type=\"widget\" data-widget_type=\"text-editor.default\">\n\t\t\t\t<div class=\"elementor-widget-container\">\n\t\t\t\t\t\t\t\t\t<p><b>Marka-Model fark etmeden her t\u00fcrl\u00fc notebook yedek par\u00e7a ihtiyac\u0131n\u0131z i\u00e7in bizimle ileti\u015fime ge\u00e7meniz yeterlidir. Eski veya yeni netbook, notebook ve ultrabooklar\u0131n\u0131z i\u00e7in adapt\u00f6r ( \u015farj cihaz\u0131 ), batarya, mente\u015fe, \u00e7er\u00e7eve, alt ve \u00fcst kasa, lcd-led ekran, ram, hard disk, i\u015flemci, power jack, klavye, touch pad ve di\u011fer donan\u0131mlar\u0131n temini i\u00e7in hizmetinizdeyiz.<\/b><\/p>\t\t\t\t\t\t\t\t<\/div>\n\t\t\t\t<\/div>\n\t\t\t\t\t<\/div>\r\n\t\t\t\t<\/div>\r\n\t\t\t\t\t<\/div>\r\n\t\t\t\t<\/section>\r\n\t\t\t\t<\/div>\n\t\t","protected":false},"excerpt":{"rendered":"<p>Profesyonel Servis Hizmeti 0538 720 93 97 Bilgisayar Yedek Par\u00e7a Marka-Model fark etmeden her t\u00fcrl\u00fc notebook yedek par\u00e7a ihtiyac\u0131n\u0131z i\u00e7in bizimle ileti\u015fime ge\u00e7meniz yeterlidir. Eski veya yeni netbook, notebook ve ultrabooklar\u0131n\u0131z i\u00e7in adapt\u00f6r ( \u015farj cihaz\u0131 ), batarya, mente\u015fe, \u00e7er\u00e7eve, alt ve \u00fcst kasa, lcd-led ekran, ram, hard disk, i\u015flemci, power jack, klavye, touch pad [&hellip;]<\/p>\n","protected":false},"author":1,"featured_media":0,"parent":3124,"menu_order":0,"comment_status":"closed","ping_status":"closed","template":"","meta":{"_joinchat":[],"footnotes":""},"class_list":["post-11868","page","type-page","status-publish","hentry"],"_links":{"self":[{"href":"https:\/\/altayteknikservis.com\/wp-json\/wp\/v2\/pages\/11868","targetHints":{"allow":["GET"]}}],"collection":[{"href":"https:\/\/altayteknikservis.com\/wp-json\/wp\/v2\/pages"}],"about":[{"href":"https:\/\/altayteknikservis.com\/wp-json\/wp\/v2\/types\/page"}],"author":[{"embeddable":true,"href":"https:\/\/altayteknikservis.com\/wp-json\/wp\/v2\/users\/1"}],"replies":[{"embeddable":true,"href":"https:\/\/altayteknikservis.com\/wp-json\/wp\/v2\/comments?post=11868"}],"version-history":[{"count":16,"href":"https:\/\/altayteknikservis.com\/wp-json\/wp\/v2\/pages\/11868\/revisions"}],"predecessor-version":[{"id":12364,"href":"https:\/\/altayteknikservis.com\/wp-json\/wp\/v2\/pages\/11868\/revisions\/12364"}],"up":[{"embeddable":true,"href":"https:\/\/altayteknikservis.com\/wp-json\/wp\/v2\/pages\/3124"}],"wp:attachment":[{"href":"https:\/\/altayteknikservis.com\/wp-json\/wp\/v2\/media?parent=11868"}],"curies":[{"name":"wp","href":"https:\/\/api.w.org\/{rel}","templated":true}]}}